{"id":3,"date":"2023-09-19T10:33:19","date_gmt":"2023-09-19T10:33:19","guid":{"rendered":"https:\/\/www.quotesdir.com\/?page_id=3"},"modified":"2023-09-20T14:00:08","modified_gmt":"2023-09-20T14:00:08","slug":"gizlilik-politikasi","status":"publish","type":"page","link":"https:\/\/www.quotesdir.com\/tr\/gizlilik-politikasi\/","title":{"rendered":"Gizlilik Politikas\u0131"},"content":{"rendered":"\n<p>quotesdir.com gizlili\u011finizi korumay\u0131 taahh\u00fct eder. Ki\u015fisel bilgilerinizi nas\u0131l toplad\u0131\u011f\u0131m\u0131z, kulland\u0131\u011f\u0131m\u0131z ve payla\u015ft\u0131\u011f\u0131m\u0131z hakk\u0131nda sorular\u0131n\u0131z olabilece\u011fini anl\u0131yoruz. Bu Gizlilik Politikas\u0131, uygulamalar\u0131m\u0131z\u0131 ve gizlili\u011finiz hakk\u0131nda nas\u0131l bilin\u00e7li se\u00e7imler yapaca\u011f\u0131n\u0131z\u0131 anlaman\u0131za yard\u0131mc\u0131 olmak i\u00e7in tasarlanm\u0131\u015ft\u0131r.<\/p>\n\n\n\n<h2 class=\"wp-block-heading\">Ki\u015fisel Bilgilerin Toplanmas\u0131<\/h2>\n\n\n\n<p>Sizden ki\u015fisel bilgileri a\u015fa\u011f\u0131dakiler de dahil olmak \u00fczere birka\u00e7 \u015fekilde topluyoruz:<\/p>\n\n\n\n<ul class=\"wp-block-list\">\n<li><strong>Bize sa\u011flad\u0131\u011f\u0131n\u0131z bilgiler:<\/strong> Bir hesap olu\u015fturdu\u011funuzda, b\u00fcltenimize kaydoldu\u011funuzda veya bizimle ileti\u015fime ge\u00e7ti\u011finizde ad\u0131n\u0131z, e-posta adresiniz ve di\u011fer ileti\u015fim bilgileriniz gibi bize g\u00f6n\u00fcll\u00fc olarak sa\u011flad\u0131\u011f\u0131n\u0131z bilgileri toplar\u0131z.<\/li>\n\n\n\n<li><strong>Otomatik olarak toplad\u0131\u011f\u0131m\u0131z bilgiler:<\/strong> Web sitemizi ziyaret etti\u011finizde IP adresiniz, taray\u0131c\u0131 t\u00fcr\u00fcn\u00fcz ve i\u015fletim sisteminiz gibi belirli bilgileri otomatik olarak toplar\u0131z.<\/li>\n\n\n\n<li><strong>\u00dc\u00e7\u00fcnc\u00fc taraflardan gelen bilgiler:<\/strong> Sosyal medya platformlar\u0131 veya pazarlama ortaklar\u0131 gibi \u00fc\u00e7\u00fcnc\u00fc taraflardan sizin hakk\u0131n\u0131zda bilgi alabiliriz.<\/li>\n<\/ul>\n\n\n\n<h2 class=\"wp-block-heading\">Ki\u015fisel Bilgilerin Kullan\u0131m\u0131<\/h2>\n\n\n\n<p>Ki\u015fisel bilgilerinizi a\u015fa\u011f\u0131dakiler de dahil olmak \u00fczere \u00e7e\u015fitli ama\u00e7lar i\u00e7in kullan\u0131r\u0131z:<\/p>\n\n\n\n<ul class=\"wp-block-list\">\n<li><strong>Talep etti\u011finiz hizmetleri size sa\u011flamak i\u00e7in:<\/strong> Ki\u015fisel bilgilerinizi, bir hesap olu\u015fturmak, b\u00fcltenimize kaydolmak veya bizimle ileti\u015fime ge\u00e7mek gibi talep etti\u011finiz hizmetleri size sa\u011flamak i\u00e7in kullan\u0131r\u0131z.<\/li>\n\n\n\n<li><strong>Hizmetlerimizi geli\u015ftirmek i\u00e7in: <\/strong>Ki\u015fisel bilgilerinizi, deneyiminizi ki\u015fiselle\u015ftirmek ve web sitemizi ilgi alanlar\u0131n\u0131za daha uygun hale getirmek gibi hizmetlerimizi geli\u015ftirmek i\u00e7in kullan\u0131r\u0131z.<\/li>\n\n\n\n<li><strong>Size pazarlama ileti\u015fimleri g\u00f6ndermek i\u00e7in:<\/strong> Ki\u015fisel bilgilerinizi size \u00fcr\u00fcnlerimiz ve hizmetlerimiz hakk\u0131nda pazarlama ileti\u015fimleri g\u00f6ndermek i\u00e7in kullanabiliriz.<\/li>\n\n\n\n<li><strong>Yasalara uymak i\u00e7in:<\/strong> Ki\u015fisel bilgilerinizi y\u00fcr\u00fcrl\u00fckteki yasa ve y\u00f6netmeliklere uymak i\u00e7in kullanabiliriz.<\/li>\n<\/ul>\n\n\n\n<h2 class=\"wp-block-heading\">Ki\u015fisel Bilgilerin Payla\u015f\u0131m\u0131<\/h2>\n\n\n\n<p>Ki\u015fisel bilgilerinizi a\u015fa\u011f\u0131daki durumlarda \u00fc\u00e7\u00fcnc\u00fc taraflarla payla\u015fabiliriz:<\/p>\n\n\n\n<ul class=\"wp-block-list\">\n<li><strong>Hizmet sa\u011flay\u0131c\u0131lar\u0131m\u0131zla:<\/strong> Ki\u015fisel bilgilerinizi, web sitemizi i\u015fletmemize ve hizmetlerimizi sunmam\u0131za yard\u0131mc\u0131 olan hizmet sa\u011flay\u0131c\u0131lar\u0131m\u0131zla payla\u015fabiliriz.<\/li>\n\n\n\n<li><strong>\u0130\u015f ortaklar\u0131m\u0131zla: <\/strong>Ki\u015fisel bilgilerinizi, ilginizi \u00e7ekebilece\u011fini d\u00fc\u015f\u00fcnd\u00fc\u011f\u00fcm\u00fcz \u00fcr\u00fcn veya hizmetler sunan i\u015f ortaklar\u0131m\u0131zla payla\u015fabiliriz.<\/li>\n\n\n\n<li><strong>Yasal taleplere yan\u0131t olarak:<\/strong> Ki\u015fisel bilgilerinizi, arama emri veya mahkeme celbi gibi ge\u00e7erli bir yasal talebe yan\u0131t olarak payla\u015fabiliriz.<\/li>\n<\/ul>\n\n\n\n<h2 class=\"wp-block-heading\">Sizin Haklar\u0131n\u0131z<\/h2>\n\n\n\n<p>Ki\u015fisel bilgilerinizle ilgili olarak a\u015fa\u011f\u0131daki haklara sahipsiniz:<\/p>\n\n\n\n<ul class=\"wp-block-list\">\n<li><strong>Eri\u015fim: <\/strong>Elimizde bulunan ki\u015fisel bilgilerinize eri\u015fme hakk\u0131na sahipsiniz.<\/li>\n\n\n\n<li><strong>D\u00fczeltme:<\/strong> Elimizde bulunan ki\u015fisel bilgilerinizdeki yanl\u0131\u015fl\u0131klar\u0131 d\u00fczeltme hakk\u0131na sahipsiniz.<\/li>\n\n\n\n<li><strong>Silme: <\/strong>Ki\u015fisel bilgilerinizi silmemizi talep etme hakk\u0131na sahipsiniz.<\/li>\n\n\n\n<li><strong>\u0130tiraz:<\/strong> Ki\u015fisel bilgilerinizin i\u015flenmesine itiraz etme hakk\u0131na sahipsiniz.<\/li>\n\n\n\n<li><strong>Ta\u015f\u0131nabilirlik:<\/strong> Ki\u015fisel bilgilerinizin bir kopyas\u0131n\u0131 makine taraf\u0131ndan okunabilir bir formatta size vermemizi talep etme hakk\u0131na sahipsiniz.<\/li>\n<\/ul>\n\n\n\n<h2 class=\"wp-block-heading\">Bize Nas\u0131l Ula\u015fabilirsiniz<\/h2>\n\n\n\n<p>Gizlilik uygulamalar\u0131m\u0131z hakk\u0131nda herhangi bir sorunuz veya endi\u015feniz varsa, l\u00fctfen bizimle \u015fu adresten ileti\u015fime ge\u00e7in:<\/p>\n\n\n\n<ul class=\"wp-block-list\">\n<li>E-posta: [email protected]<\/li>\n\n\n\n<li>Adres: quotesdir.com [Adres]<\/li>\n<\/ul>\n\n\n\n<h2 class=\"wp-block-heading\">Bu Gizlilik Politikas\u0131ndaki De\u011fi\u015fiklikler<\/h2>\n\n\n\n<p>Bu Gizlilik Politikas\u0131n\u0131 zaman zaman g\u00fcncelleyebiliriz. Herhangi bir \u00f6nemli de\u011fi\u015fiklik yaparsak, sizi e-posta yoluyla veya web sitemizde g\u00f6ze \u00e7arpan bir bildirim yoluyla bilgilendirece\u011fiz.<\/p>\n","protected":false},"excerpt":{"rendered":"<p>quotesdir.com gizlili\u011finizi korumay\u0131 taahh\u00fct eder. Ki\u015fisel bilgilerinizi nas\u0131l toplad\u0131\u011f\u0131m\u0131z, kulland\u0131\u011f\u0131m\u0131z ve payla\u015ft\u0131\u011f\u0131m\u0131z hakk\u0131nda sorular\u0131n\u0131z olabilece\u011fini anl\u0131yoruz. Bu Gizlilik Politikas\u0131, uygulamalar\u0131m\u0131z\u0131 ve gizlili\u011finiz hakk\u0131nda nas\u0131l bilin\u00e7li se\u00e7imler yapaca\u011f\u0131n\u0131z\u0131 anlaman\u0131za yard\u0131mc\u0131 olmak i\u00e7in tasarlanm\u0131\u015ft\u0131r. Ki\u015fisel Bilgilerin Toplanmas\u0131 Sizden ki\u015fisel bilgileri a\u015fa\u011f\u0131dakiler de dahil olmak \u00fczere birka\u00e7 \u015fekilde topluyoruz: Ki\u015fisel Bilgilerin Kullan\u0131m\u0131 Ki\u015fisel bilgilerinizi a\u015fa\u011f\u0131dakiler de dahil olmak&#8230;<\/p>\n","protected":false},"author":1,"featured_media":173,"parent":0,"menu_order":0,"comment_status":"closed","ping_status":"open","template":"","meta":{"_kad_post_transparent":"","_kad_post_title":"","_kad_post_layout":"","_kad_post_sidebar_id":"","_kad_post_content_style":"","_kad_post_vertical_padding":"","_kad_post_feature":"","_kad_post_feature_position":"","_kad_post_header":false,"_kad_post_footer":false,"footnotes":""},"class_list":["post-3","page","type-page","status-publish","has-post-thumbnail","hentry"],"aioseo_notices":[],"_links":{"self":[{"href":"https:\/\/www.quotesdir.com\/tr\/wp-json\/wp\/v2\/pages\/3","targetHints":{"allow":["GET"]}}],"collection":[{"href":"https:\/\/www.quotesdir.com\/tr\/wp-json\/wp\/v2\/pages"}],"about":[{"href":"https:\/\/www.quotesdir.com\/tr\/wp-json\/wp\/v2\/types\/page"}],"author":[{"embeddable":true,"href":"https:\/\/www.quotesdir.com\/tr\/wp-json\/wp\/v2\/users\/1"}],"replies":[{"embeddable":true,"href":"https:\/\/www.quotesdir.com\/tr\/wp-json\/wp\/v2\/comments?post=3"}],"version-history":[{"count":3,"href":"https:\/\/www.quotesdir.com\/tr\/wp-json\/wp\/v2\/pages\/3\/revisions"}],"predecessor-version":[{"id":673,"href":"https:\/\/www.quotesdir.com\/tr\/wp-json\/wp\/v2\/pages\/3\/revisions\/673"}],"wp:featuredmedia":[{"embeddable":true,"href":"https:\/\/www.quotesdir.com\/tr\/wp-json\/wp\/v2\/media\/173"}],"wp:attachment":[{"href":"https:\/\/www.quotesdir.com\/tr\/wp-json\/wp\/v2\/media?parent=3"}],"curies":[{"name":"wp","href":"https:\/\/api.w.org\/{rel}","templated":true}]}}