{"id":179,"date":"2023-09-20T05:48:09","date_gmt":"2023-09-20T05:48:09","guid":{"rendered":"https:\/\/www.quotesdir.com\/?page_id=179"},"modified":"2023-09-20T13:55:41","modified_gmt":"2023-09-20T13:55:41","slug":"bilgilendirme-politikasi","status":"publish","type":"page","link":"https:\/\/www.quotesdir.com\/tr\/bilgilendirme-politikasi\/","title":{"rendered":"Bilgilendirme Politikas\u0131"},"content":{"rendered":"\n<p>quotesdir.com \u00fcnl\u00fc ki\u015filerden al\u0131nt\u0131lar dizini sa\u011flayan bir web sitesidir. \u0130ngilizce, Almanca, Frans\u0131zca, \u0130talyanca, \u0130spanyolca, Portekizce ve T\u00fcrk\u00e7e dahil olmak \u00fczere \u00e7e\u015fitli dillerde al\u0131nt\u0131lar sunuyoruz.<\/p>\n\n\n\n<h2 class=\"wp-block-heading\">Ortakl\u0131k A\u00e7\u0131klamas\u0131<\/h2>\n\n\n\n<p>quotesdir.com \u00fcr\u00fcn veya hizmetlere ba\u011fl\u0131 kurulu\u015f ba\u011flant\u0131lar\u0131 i\u00e7erebilir. Bir ba\u011fl\u0131 kurulu\u015f ba\u011flant\u0131s\u0131na t\u0131klar ve bir sat\u0131n alma i\u015flemi yaparsan\u0131z, bir komisyon kazanabiliriz.<\/p>\n\n\n\n<h2 class=\"wp-block-heading\">Reklam A\u00e7\u0131klamas\u0131<\/h2>\n\n\n\n<p>quotesdir.com reklam i\u00e7erebilir. Web sitemizdeki reklamlar \u00fc\u00e7\u00fcnc\u00fc taraf reklam \u015firketleri taraf\u0131ndan y\u00f6netilmektedir. Bu \u015firketler, tarama faaliyetleriniz hakk\u0131nda bilgi toplamak i\u00e7in \u00e7erezleri ve di\u011fer izleme teknolojilerini kullanabilir.<\/p>\n\n\n\n<h2 class=\"wp-block-heading\">Sosyal Medya A\u00e7\u0131klamas\u0131<\/h2>\n\n\n\n<p>quotesdir.com web sitemizi ve \u00fcr\u00fcnlerimizi tan\u0131tmak i\u00e7in sosyal medya platformlar\u0131n\u0131 kullanabilir. Kulland\u0131\u011f\u0131m\u0131z sosyal medya platformlar\u0131, tarama faaliyetleriniz hakk\u0131nda bilgi toplayabilir.<\/p>\n\n\n\n<h2 class=\"wp-block-heading\">Di\u011fer A\u00e7\u0131klamalar<\/h2>\n\n\n\n<p>quotesdir.com zaman zaman ba\u015fka a\u00e7\u0131klamalar da yapabilir. Bu a\u00e7\u0131klamalar blog yaz\u0131lar\u0131, bas\u0131n b\u00fcltenleri veya di\u011fer ileti\u015fimler \u015feklinde yap\u0131labilir.<\/p>\n\n\n\n<h2 class=\"wp-block-heading\">Bilgilendirme Politikas\u0131ndaki De\u011fi\u015fiklikler<\/h2>\n\n\n\n<p>Bu Bilgilendirme Politikas\u0131n\u0131 zaman zaman g\u00fcncelleyebiliriz. Herhangi bir \u00f6nemli de\u011fi\u015fiklik yaparsak, sizi e-posta yoluyla veya web sitemizde g\u00f6ze \u00e7arpan bir bildirim yoluyla bilgilendirece\u011fiz.<\/p>\n\n\n\n<h2 class=\"wp-block-heading\">Bize Ula\u015f\u0131n<\/h2>\n\n\n\n<p>Bilgilendirme Politikam\u0131z hakk\u0131nda herhangi bir sorunuz veya endi\u015feniz varsa, l\u00fctfen bizimle ileti\u015fime ge\u00e7in:<\/p>\n\n\n\n<p>E-posta: [email protected]<\/p>\n\n\n\n<p>Adres: quotesdir.com [Adres]<\/p>\n","protected":false},"excerpt":{"rendered":"<p>quotesdir.com \u00fcnl\u00fc ki\u015filerden al\u0131nt\u0131lar dizini sa\u011flayan bir web sitesidir. \u0130ngilizce, Almanca, Frans\u0131zca, \u0130talyanca, \u0130spanyolca, Portekizce ve T\u00fcrk\u00e7e dahil olmak \u00fczere \u00e7e\u015fitli dillerde al\u0131nt\u0131lar sunuyoruz. Ortakl\u0131k A\u00e7\u0131klamas\u0131 quotesdir.com \u00fcr\u00fcn veya hizmetlere ba\u011fl\u0131 kurulu\u015f ba\u011flant\u0131lar\u0131 i\u00e7erebilir. Bir ba\u011fl\u0131 kurulu\u015f ba\u011flant\u0131s\u0131na t\u0131klar ve bir sat\u0131n alma i\u015flemi yaparsan\u0131z, bir komisyon kazanabiliriz. Reklam A\u00e7\u0131klamas\u0131 quotesdir.com reklam i\u00e7erebilir. Web sitemizdeki&#8230;<\/p>\n","protected":false},"author":1,"featured_media":182,"parent":0,"menu_order":0,"comment_status":"closed","ping_status":"closed","template":"","meta":{"_kad_post_transparent":"","_kad_post_title":"","_kad_post_layout":"","_kad_post_sidebar_id":"","_kad_post_content_style":"","_kad_post_vertical_padding":"","_kad_post_feature":"","_kad_post_feature_position":"","_kad_post_header":false,"_kad_post_footer":false,"footnotes":""},"class_list":["post-179","page","type-page","status-publish","has-post-thumbnail","hentry"],"aioseo_notices":[],"_links":{"self":[{"href":"https:\/\/www.quotesdir.com\/tr\/wp-json\/wp\/v2\/pages\/179","targetHints":{"allow":["GET"]}}],"collection":[{"href":"https:\/\/www.quotesdir.com\/tr\/wp-json\/wp\/v2\/pages"}],"about":[{"href":"https:\/\/www.quotesdir.com\/tr\/wp-json\/wp\/v2\/types\/page"}],"author":[{"embeddable":true,"href":"https:\/\/www.quotesdir.com\/tr\/wp-json\/wp\/v2\/users\/1"}],"replies":[{"embeddable":true,"href":"https:\/\/www.quotesdir.com\/tr\/wp-json\/wp\/v2\/comments?post=179"}],"version-history":[{"count":2,"href":"https:\/\/www.quotesdir.com\/tr\/wp-json\/wp\/v2\/pages\/179\/revisions"}],"predecessor-version":[{"id":669,"href":"https:\/\/www.quotesdir.com\/tr\/wp-json\/wp\/v2\/pages\/179\/revisions\/669"}],"wp:featuredmedia":[{"embeddable":true,"href":"https:\/\/www.quotesdir.com\/tr\/wp-json\/wp\/v2\/media\/182"}],"wp:attachment":[{"href":"https:\/\/www.quotesdir.com\/tr\/wp-json\/wp\/v2\/media?parent=179"}],"curies":[{"name":"wp","href":"https:\/\/api.w.org\/{rel}","templated":true}]}}