{"id":176,"date":"2023-09-20T05:47:15","date_gmt":"2023-09-20T05:47:15","guid":{"rendered":"https:\/\/www.quotesdir.com\/?page_id=176"},"modified":"2023-09-20T13:57:08","modified_gmt":"2023-09-20T13:57:08","slug":"telif-hakki-politikasi","status":"publish","type":"page","link":"https:\/\/www.quotesdir.com\/tr\/telif-hakki-politikasi\/","title":{"rendered":"Telif Hakk\u0131 Politikas\u0131"},"content":{"rendered":"\n<p>quotesdir.com ba\u015fkalar\u0131n\u0131n fikri m\u00fclkiyet haklar\u0131na sayg\u0131 duyar. Web sitemizin ba\u015fkalar\u0131n\u0131n telif haklar\u0131n\u0131 ihlal etmek i\u00e7in kullan\u0131lmas\u0131n\u0131 yasakl\u0131yoruz.<\/p>\n\n\n\n<h2 class=\"wp-block-heading\">Telifli \u0130\u00e7erik<\/h2>\n\n\n\n<p>Al\u0131nt\u0131lar, resimler ve di\u011fer materyaller dahil olmak \u00fczere bu web sitesindeki i\u00e7erik quotesdir.com veya lisans verenlerinin m\u00fclkiyetindedir. quotesdir.com&#8217;un a\u00e7\u0131k izni olmadan bu web sitesindeki i\u00e7eri\u011fi kullanamaz, kopyalayamaz, da\u011f\u0131tamaz veya de\u011fi\u015ftiremezsiniz.<\/p>\n\n\n\n<h2 class=\"wp-block-heading\">\u0130zin Verilen Kullan\u0131mlar<\/h2>\n\n\n\n<p>Bu web sitesindeki i\u00e7eri\u011fi yaln\u0131zca ki\u015fisel, ticari olmayan ama\u00e7larla kullanabilirsiniz. Bu web sitesindeki i\u00e7eri\u011fi, i\u00e7eri\u011fi satmak veya da\u011f\u0131tmak gibi ticari ama\u00e7larla kullanamazs\u0131n\u0131z.<\/p>\n\n\n\n<h2 class=\"wp-block-heading\">Yasaklanm\u0131\u015f Kullan\u0131mlar<\/h2>\n\n\n\n<p>Bu web sitesindeki i\u00e7eri\u011fi ba\u015fkalar\u0131n\u0131n telif haklar\u0131n\u0131 ihlal edecek \u015fekilde kullanamazs\u0131n\u0131z. Bu web sitesindeki i\u00e7eri\u011fi \u015fu ama\u00e7larla kullanamazs\u0131n\u0131z:<\/p>\n\n\n\n<ul class=\"wp-block-list\">\n<li>Yasad\u0131\u015f\u0131, zararl\u0131, tehdit edici, k\u00fcf\u00fcrl\u00fc, taciz edici, karalay\u0131c\u0131, kaba, m\u00fcstehcen veya ba\u015fka t\u00fcrl\u00fc sak\u0131ncal\u0131 i\u00e7erik yay\u0131nlamak veya iletmek.<\/li>\n\n\n\n<li>Ba\u015fkalar\u0131n\u0131n fikri m\u00fclkiyet haklar\u0131n\u0131 ihlal eden herhangi bir i\u00e7erik yay\u0131nlamak veya iletmek.<\/li>\n\n\n\n<li>Yanl\u0131\u015f veya yan\u0131lt\u0131c\u0131 herhangi bir i\u00e7erik yay\u0131nlamak veya iletmek.<\/li>\n\n\n\n<li>Ba\u015fka bir ki\u015finin kimli\u011fine b\u00fcr\u00fcnmek.<\/li>\n<\/ul>\n\n\n\n<h2 class=\"wp-block-heading\">Telif Hakk\u0131 \u0130hlali<\/h2>\n\n\n\n<p>Bu web sitesindeki i\u00e7erik nedeniyle telif hakk\u0131n\u0131z\u0131n ihlal edildi\u011fini d\u00fc\u015f\u00fcn\u00fcyorsan\u0131z, l\u00fctfen [email protected] adresinden bizimle ileti\u015fime ge\u00e7in.<\/p>\n\n\n\n<h2 class=\"wp-block-heading\">Telif Hakk\u0131 \u0130hlali Bildirimi<\/h2>\n\n\n\n<p><strong>Bir telif hakk\u0131 ihlali bildiriminde bulunmak i\u00e7in l\u00fctfen a\u015fa\u011f\u0131daki bilgileri sa\u011flay\u0131n:<\/strong><\/p>\n\n\n\n<p>Telif hakk\u0131 sahibinin veya onun ad\u0131na hareket etmeye yetkili bir ki\u015finin fiziksel veya elektronik imzas\u0131.<\/p>\n\n\n\n<p>\u0130hlal edildi\u011fini iddia etti\u011finiz telif hakk\u0131yla korunan \u00e7al\u0131\u015fman\u0131n tan\u0131mlanmas\u0131.<\/p>\n\n\n\n<p>\u0130hlal edildi\u011fini iddia etti\u011finiz materyalin kimli\u011fi ve web sitemizde nerede bulundu\u011fu.<\/p>\n\n\n\n<p>Ad\u0131n\u0131z, adresiniz ve telefon numaran\u0131z dahil olmak \u00fczere ileti\u015fim bilgileriniz.<\/p>\n\n\n\n<p>Materyalin kullan\u0131m\u0131na telif hakk\u0131 sahibi, temsilcisi veya yasalar taraf\u0131ndan izin verilmedi\u011fine dair iyi niyetli bir inanc\u0131n\u0131z oldu\u011funa dair beyan\u0131n\u0131z.<\/p>\n\n\n\n<p>Yalan beyanda bulunma cezas\u0131 alt\u0131nda, bildiriminizdeki bilgilerin do\u011fru oldu\u011funa ve telif hakk\u0131 sahibi oldu\u011funuza veya onlar ad\u0131na hareket etmeye yetkili oldu\u011funuza dair beyan\u0131n\u0131z.<\/p>\n\n\n\n<p>T\u00fcm telif hakk\u0131 ihlali bildirimlerine derhal yan\u0131t verece\u011fiz ve uygun \u00f6nlemleri alaca\u011f\u0131z.<\/p>\n","protected":false},"excerpt":{"rendered":"<p>quotesdir.com ba\u015fkalar\u0131n\u0131n fikri m\u00fclkiyet haklar\u0131na sayg\u0131 duyar. Web sitemizin ba\u015fkalar\u0131n\u0131n telif haklar\u0131n\u0131 ihlal etmek i\u00e7in kullan\u0131lmas\u0131n\u0131 yasakl\u0131yoruz. Telifli \u0130\u00e7erik Al\u0131nt\u0131lar, resimler ve di\u011fer materyaller dahil olmak \u00fczere bu web sitesindeki i\u00e7erik quotesdir.com veya lisans verenlerinin m\u00fclkiyetindedir. quotesdir.com&#8217;un a\u00e7\u0131k izni olmadan bu web sitesindeki i\u00e7eri\u011fi kullanamaz, kopyalayamaz, da\u011f\u0131tamaz veya de\u011fi\u015ftiremezsiniz. \u0130zin Verilen Kullan\u0131mlar Bu web sitesindeki&#8230;<\/p>\n","protected":false},"author":1,"featured_media":180,"parent":0,"menu_order":0,"comment_status":"closed","ping_status":"closed","template":"","meta":{"_kad_post_transparent":"","_kad_post_title":"","_kad_post_layout":"","_kad_post_sidebar_id":"","_kad_post_content_style":"","_kad_post_vertical_padding":"","_kad_post_feature":"","_kad_post_feature_position":"","_kad_post_header":false,"_kad_post_footer":false,"footnotes":""},"class_list":["post-176","page","type-page","status-publish","has-post-thumbnail","hentry"],"aioseo_notices":[],"_links":{"self":[{"href":"https:\/\/www.quotesdir.com\/tr\/wp-json\/wp\/v2\/pages\/176","targetHints":{"allow":["GET"]}}],"collection":[{"href":"https:\/\/www.quotesdir.com\/tr\/wp-json\/wp\/v2\/pages"}],"about":[{"href":"https:\/\/www.quotesdir.com\/tr\/wp-json\/wp\/v2\/types\/page"}],"author":[{"embeddable":true,"href":"https:\/\/www.quotesdir.com\/tr\/wp-json\/wp\/v2\/users\/1"}],"replies":[{"embeddable":true,"href":"https:\/\/www.quotesdir.com\/tr\/wp-json\/wp\/v2\/comments?post=176"}],"version-history":[{"count":2,"href":"https:\/\/www.quotesdir.com\/tr\/wp-json\/wp\/v2\/pages\/176\/revisions"}],"predecessor-version":[{"id":671,"href":"https:\/\/www.quotesdir.com\/tr\/wp-json\/wp\/v2\/pages\/176\/revisions\/671"}],"wp:featuredmedia":[{"embeddable":true,"href":"https:\/\/www.quotesdir.com\/tr\/wp-json\/wp\/v2\/media\/180"}],"wp:attachment":[{"href":"https:\/\/www.quotesdir.com\/tr\/wp-json\/wp\/v2\/media?parent=176"}],"curies":[{"name":"wp","href":"https:\/\/api.w.org\/{rel}","templated":true}]}}