{"id":170,"date":"2023-09-20T05:42:37","date_gmt":"2023-09-20T05:42:37","guid":{"rendered":"https:\/\/www.quotesdir.com\/?page_id=170"},"modified":"2023-09-20T13:53:15","modified_gmt":"2023-09-20T13:53:15","slug":"hakkimizda","status":"publish","type":"page","link":"https:\/\/www.quotesdir.com\/tr\/hakkimizda\/","title":{"rendered":"Hakk\u0131m\u0131zda"},"content":{"rendered":"\n<p>quotesdir.com \u00fcnl\u00fc ki\u015filerden al\u0131nt\u0131lar\u0131n kapsaml\u0131 bir dizinini sa\u011flamaya adanm\u0131\u015f bir web sitesidir. \u0130ngilizce, Almanca, Frans\u0131zca, \u0130talyanca, \u0130spanyolca, Portekizce ve T\u00fcrk\u00e7e dahil olmak \u00fczere \u00e7e\u015fitli dillerde al\u0131nt\u0131lar sunuyoruz.<\/p>\n\n\n\n<p>Al\u0131nt\u0131lar\u0131m\u0131z ilham verici, d\u00fc\u015f\u00fcnd\u00fcr\u00fcc\u00fc ve esprili olacak \u015fekilde \u00f6zenle se\u00e7ilmi\u015ftir. Al\u0131nt\u0131lar\u0131n ki\u015fisel geli\u015fim ve b\u00fcy\u00fcme i\u00e7in g\u00fc\u00e7l\u00fc bir ara\u00e7 olabilece\u011fine inan\u0131yoruz.<\/p>\n\n\n\n<h2 class=\"wp-block-heading\">\u00d6zellikler<\/h2>\n\n\n\n<ul class=\"wp-block-list\">\n<li>\u00c7e\u015fitli konular\u0131 kapsayan \u00e7ok \u00e7e\u015fitli al\u0131nt\u0131lar sunuyoruz.<\/li>\n\n\n\n<li>Al\u0131nt\u0131lar\u0131m\u0131za sosyal medyada payla\u015fmay\u0131 kolayla\u015ft\u0131ran g\u00f6rseller e\u015flik ediyor.<\/li>\n\n\n\n<li>\u0130htiya\u00e7lar\u0131n\u0131za uygun m\u00fckemmel al\u0131nt\u0131y\u0131 bulman\u0131za yard\u0131mc\u0131 olmak i\u00e7in \u00e7e\u015fitli filtreler sunuyoruz.<\/li>\n<\/ul>\n\n\n\n<h2 class=\"wp-block-heading\">Misyonumuz<\/h2>\n\n\n\n<p>Misyonumuz, al\u0131nt\u0131lar\u0131 herkes i\u00e7in eri\u015filebilir ve e\u011flenceli hale getirmektir. Al\u0131nt\u0131lar\u0131n her ya\u015ftan insan i\u00e7in bir ilham ve motivasyon kayna\u011f\u0131 olabilece\u011fine inan\u0131yoruz.<\/p>\n\n\n\n<h2 class=\"wp-block-heading\">\u0130leti\u015fim<\/h2>\n\n\n\n<p>Herhangi bir sorunuz veya geri bildiriminiz varsa, l\u00fctfen [email protected] adresinden bizimle ileti\u015fime ge\u00e7in.<\/p>\n","protected":false},"excerpt":{"rendered":"<p>quotesdir.com \u00fcnl\u00fc ki\u015filerden al\u0131nt\u0131lar\u0131n kapsaml\u0131 bir dizinini sa\u011flamaya adanm\u0131\u015f bir web sitesidir. \u0130ngilizce, Almanca, Frans\u0131zca, \u0130talyanca, \u0130spanyolca, Portekizce ve T\u00fcrk\u00e7e dahil olmak \u00fczere \u00e7e\u015fitli dillerde al\u0131nt\u0131lar sunuyoruz. Al\u0131nt\u0131lar\u0131m\u0131z ilham verici, d\u00fc\u015f\u00fcnd\u00fcr\u00fcc\u00fc ve esprili olacak \u015fekilde \u00f6zenle se\u00e7ilmi\u015ftir. Al\u0131nt\u0131lar\u0131n ki\u015fisel geli\u015fim ve b\u00fcy\u00fcme i\u00e7in g\u00fc\u00e7l\u00fc bir ara\u00e7 olabilece\u011fine inan\u0131yoruz. \u00d6zellikler Misyonumuz Misyonumuz, al\u0131nt\u0131lar\u0131 herkes i\u00e7in eri\u015filebilir&#8230;<\/p>\n","protected":false},"author":1,"featured_media":667,"parent":0,"menu_order":0,"comment_status":"closed","ping_status":"closed","template":"","meta":{"_kad_post_transparent":"","_kad_post_title":"","_kad_post_layout":"","_kad_post_sidebar_id":"","_kad_post_content_style":"","_kad_post_vertical_padding":"","_kad_post_feature":"","_kad_post_feature_position":"","_kad_post_header":false,"_kad_post_footer":false,"footnotes":""},"class_list":["post-170","page","type-page","status-publish","has-post-thumbnail","hentry"],"aioseo_notices":[],"_links":{"self":[{"href":"https:\/\/www.quotesdir.com\/tr\/wp-json\/wp\/v2\/pages\/170","targetHints":{"allow":["GET"]}}],"collection":[{"href":"https:\/\/www.quotesdir.com\/tr\/wp-json\/wp\/v2\/pages"}],"about":[{"href":"https:\/\/www.quotesdir.com\/tr\/wp-json\/wp\/v2\/types\/page"}],"author":[{"embeddable":true,"href":"https:\/\/www.quotesdir.com\/tr\/wp-json\/wp\/v2\/users\/1"}],"replies":[{"embeddable":true,"href":"https:\/\/www.quotesdir.com\/tr\/wp-json\/wp\/v2\/comments?post=170"}],"version-history":[{"count":2,"href":"https:\/\/www.quotesdir.com\/tr\/wp-json\/wp\/v2\/pages\/170\/revisions"}],"predecessor-version":[{"id":666,"href":"https:\/\/www.quotesdir.com\/tr\/wp-json\/wp\/v2\/pages\/170\/revisions\/666"}],"wp:featuredmedia":[{"embeddable":true,"href":"https:\/\/www.quotesdir.com\/tr\/wp-json\/wp\/v2\/media\/667"}],"wp:attachment":[{"href":"https:\/\/www.quotesdir.com\/tr\/wp-json\/wp\/v2\/media?parent=170"}],"curies":[{"name":"wp","href":"https:\/\/api.w.org\/{rel}","templated":true}]}}