{"id":179,"date":"2023-09-20T05:48:09","date_gmt":"2023-09-20T05:48:09","guid":{"rendered":"https:\/\/www.quotesdir.com\/?page_id=179"},"modified":"2023-09-21T07:47:38","modified_gmt":"2023-09-21T07:47:38","slug":"politica-de-divulgacao","status":"publish","type":"page","link":"https:\/\/www.quotesdir.com\/pt\/politica-de-divulgacao\/","title":{"rendered":"Pol\u00edtica de divulga\u00e7\u00e3o"},"content":{"rendered":"\n<p>quotesdir.com \u00e9 um site que fornece um diret\u00f3rio de cita\u00e7\u00f5es de pessoas famosas. Oferecemos cita\u00e7\u00f5es em v\u00e1rios idiomas, incluindo ingl\u00eas, alem\u00e3o, franc\u00eas, italiano, espanhol, portugu\u00eas e turco.<\/p>\n\n\n\n<p><strong>Divulga\u00e7\u00e3o de afiliados<\/strong><\/p>\n\n\n\n<p>O quotesdir.com pode conter links de afiliados para produtos ou servi\u00e7os. Se voc\u00ea clicar em um link de afiliado e fizer uma compra, poderemos receber uma comiss\u00e3o.<\/p>\n\n\n\n<p><strong>Divulga\u00e7\u00e3o de publicidade<\/strong><\/p>\n\n\n\n<p>O site quotesdir.com pode conter publicidade. A publicidade em nosso site \u00e9 gerenciada por empresas de publicidade terceirizadas. Essas empresas podem usar cookies e outras tecnologias de rastreamento para coletar informa\u00e7\u00f5es sobre suas atividades de navega\u00e7\u00e3o.<\/p>\n\n\n\n<p><strong>Divulga\u00e7\u00e3o de m\u00eddia social<\/strong><\/p>\n\n\n\n<p>O quotesdir.com pode usar plataformas de m\u00eddia social para promover nosso site e nossos produtos. As plataformas de m\u00eddia social que usamos podem coletar informa\u00e7\u00f5es sobre suas atividades de navega\u00e7\u00e3o.<\/p>\n\n\n\n<p><strong>Outras divulga\u00e7\u00f5es<\/strong><\/p>\n\n\n\n<p>O quotesdir.com pode fazer outras divulga\u00e7\u00f5es de tempos em tempos. Essas divulga\u00e7\u00f5es podem ser feitas na forma de postagens em blogs, comunicados \u00e0 imprensa ou outras comunica\u00e7\u00f5es.<\/p>\n\n\n\n<p><strong>Altera\u00e7\u00f5es na Pol\u00edtica de Divulga\u00e7\u00e3o<\/strong><\/p>\n\n\n\n<p>Podemos atualizar esta Pol\u00edtica de Divulga\u00e7\u00e3o de tempos em tempos. Se fizermos alguma altera\u00e7\u00e3o relevante, n\u00f3s o notificaremos por e-mail ou por meio de um aviso em destaque em nosso site.<\/p>\n\n\n\n<p><strong>Entre em contato conosco<\/strong><\/p>\n\n\n\n<p>Em caso de d\u00favidas ou preocupa\u00e7\u00f5es sobre nossa Pol\u00edtica de Divulga\u00e7\u00e3o, entre em contato conosco:<\/p>\n\n\n\n<p>E-mail: [email protected]<\/p>\n\n\n\n<p>Endere\u00e7o: quotesdir.com [Endere\u00e7o]<\/p>\n","protected":false},"excerpt":{"rendered":"<p>quotesdir.com \u00e9 um site que fornece um diret\u00f3rio de cita\u00e7\u00f5es de pessoas famosas. Oferecemos cita\u00e7\u00f5es em v\u00e1rios idiomas, incluindo ingl\u00eas, alem\u00e3o, franc\u00eas, italiano, espanhol, portugu\u00eas e turco. Divulga\u00e7\u00e3o de afiliados O quotesdir.com pode conter links de afiliados para produtos ou servi\u00e7os. Se voc\u00ea clicar em um link de afiliado e fizer uma compra, poderemos receber&#8230;<\/p>\n","protected":false},"author":1,"featured_media":182,"parent":0,"menu_order":0,"comment_status":"closed","ping_status":"closed","template":"","meta":{"_kad_post_transparent":"","_kad_post_title":"","_kad_post_layout":"","_kad_post_sidebar_id":"","_kad_post_content_style":"","_kad_post_vertical_padding":"","_kad_post_feature":"","_kad_post_feature_position":"","_kad_post_header":false,"_kad_post_footer":false,"footnotes":""},"class_list":["post-179","page","type-page","status-publish","has-post-thumbnail","hentry"],"aioseo_notices":[],"_links":{"self":[{"href":"https:\/\/www.quotesdir.com\/pt\/wp-json\/wp\/v2\/pages\/179","targetHints":{"allow":["GET"]}}],"collection":[{"href":"https:\/\/www.quotesdir.com\/pt\/wp-json\/wp\/v2\/pages"}],"about":[{"href":"https:\/\/www.quotesdir.com\/pt\/wp-json\/wp\/v2\/types\/page"}],"author":[{"embeddable":true,"href":"https:\/\/www.quotesdir.com\/pt\/wp-json\/wp\/v2\/users\/1"}],"replies":[{"embeddable":true,"href":"https:\/\/www.quotesdir.com\/pt\/wp-json\/wp\/v2\/comments?post=179"}],"version-history":[{"count":2,"href":"https:\/\/www.quotesdir.com\/pt\/wp-json\/wp\/v2\/pages\/179\/revisions"}],"predecessor-version":[{"id":671,"href":"https:\/\/www.quotesdir.com\/pt\/wp-json\/wp\/v2\/pages\/179\/revisions\/671"}],"wp:featuredmedia":[{"embeddable":true,"href":"https:\/\/www.quotesdir.com\/pt\/wp-json\/wp\/v2\/media\/182"}],"wp:attachment":[{"href":"https:\/\/www.quotesdir.com\/pt\/wp-json\/wp\/v2\/media?parent=179"}],"curies":[{"name":"wp","href":"https:\/\/api.w.org\/{rel}","templated":true}]}}