{"id":179,"date":"2023-09-20T05:48:09","date_gmt":"2023-09-20T05:48:09","guid":{"rendered":"https:\/\/www.quotesdir.com\/?page_id=179"},"modified":"2023-09-21T07:21:25","modified_gmt":"2023-09-21T07:21:25","slug":"politica-di-divulgazione","status":"publish","type":"page","link":"https:\/\/www.quotesdir.com\/it\/politica-di-divulgazione\/","title":{"rendered":"Politica di divulgazione"},"content":{"rendered":"\n<p>quotesdir.com \u00e8 un sito web che fornisce una directory di citazioni di personaggi famosi. Offriamo citazioni in diverse lingue, tra cui inglese, tedesco, francese, italiano, spagnolo, portoghese e turco.<\/p>\n\n\n\n<p><strong>Informazioni sulle affiliazioni<\/strong><\/p>\n\n\n\n<p>quotesdir.com pu\u00f2 contenere link di affiliazione a prodotti o servizi. Se si fa clic su un link di affiliazione e si effettua un acquisto, potremmo guadagnare una commissione.<\/p>\n\n\n\n<p><strong>Divulgazione della pubblicit\u00e0<\/strong><\/p>\n\n\n\n<p>quotesdir.com pu\u00f2 contenere pubblicit\u00e0. La pubblicit\u00e0 presente sul nostro sito \u00e8 gestita da societ\u00e0 pubblicitarie terze. Queste aziende possono utilizzare cookie e altre tecnologie di tracciamento per raccogliere informazioni sulle vostre attivit\u00e0 di navigazione.<\/p>\n\n\n\n<p><strong>Divulgazione sui social media<\/strong><\/p>\n\n\n\n<p>quotesdir.com pu\u00f2 utilizzare piattaforme di social media per promuovere il nostro sito web e i nostri prodotti. Le piattaforme di social media utilizzate possono raccogliere informazioni sulle attivit\u00e0 di navigazione dell&#8217;utente.<\/p>\n\n\n\n<p><strong>Altre divulgazioni<\/strong><\/p>\n\n\n\n<p>quotesdir.com pu\u00f2 effettuare altre divulgazioni di tanto in tanto. Tali divulgazioni possono essere effettuate sotto forma di post sul blog, comunicati stampa o altre comunicazioni.<\/p>\n\n\n\n<p><strong>Modifiche alla Politica di divulgazione<\/strong><\/p>\n\n\n\n<p>Potremmo aggiornare la presente Informativa di volta in volta. In caso di modifiche sostanziali, vi informeremo via e-mail o tramite un avviso ben visibile sul nostro sito web.<\/p>\n\n\n\n<p><strong>Contattateci<\/strong><\/p>\n\n\n\n<p>In caso di domande o dubbi sulla nostra Politica di divulgazione, si prega di contattarci a:<\/p>\n\n\n\n<p>E-mail: [email protected]<\/p>\n\n\n\n<p>Indirizzo: quotesdir.com [Indirizzo]<\/p>\n","protected":false},"excerpt":{"rendered":"<p>quotesdir.com \u00e8 un sito web che fornisce una directory di citazioni di personaggi famosi. Offriamo citazioni in diverse lingue, tra cui inglese, tedesco, francese, italiano, spagnolo, portoghese e turco. Informazioni sulle affiliazioni quotesdir.com pu\u00f2 contenere link di affiliazione a prodotti o servizi. Se si fa clic su un link di affiliazione e si effettua un&#8230;<\/p>\n","protected":false},"author":1,"featured_media":182,"parent":0,"menu_order":0,"comment_status":"closed","ping_status":"closed","template":"","meta":{"_kad_post_transparent":"","_kad_post_title":"","_kad_post_layout":"","_kad_post_sidebar_id":"","_kad_post_content_style":"","_kad_post_vertical_padding":"","_kad_post_feature":"","_kad_post_feature_position":"","_kad_post_header":false,"_kad_post_footer":false,"footnotes":""},"class_list":["post-179","page","type-page","status-publish","has-post-thumbnail","hentry"],"aioseo_notices":[],"_links":{"self":[{"href":"https:\/\/www.quotesdir.com\/it\/wp-json\/wp\/v2\/pages\/179","targetHints":{"allow":["GET"]}}],"collection":[{"href":"https:\/\/www.quotesdir.com\/it\/wp-json\/wp\/v2\/pages"}],"about":[{"href":"https:\/\/www.quotesdir.com\/it\/wp-json\/wp\/v2\/types\/page"}],"author":[{"embeddable":true,"href":"https:\/\/www.quotesdir.com\/it\/wp-json\/wp\/v2\/users\/1"}],"replies":[{"embeddable":true,"href":"https:\/\/www.quotesdir.com\/it\/wp-json\/wp\/v2\/comments?post=179"}],"version-history":[{"count":3,"href":"https:\/\/www.quotesdir.com\/it\/wp-json\/wp\/v2\/pages\/179\/revisions"}],"predecessor-version":[{"id":671,"href":"https:\/\/www.quotesdir.com\/it\/wp-json\/wp\/v2\/pages\/179\/revisions\/671"}],"wp:featuredmedia":[{"embeddable":true,"href":"https:\/\/www.quotesdir.com\/it\/wp-json\/wp\/v2\/media\/182"}],"wp:attachment":[{"href":"https:\/\/www.quotesdir.com\/it\/wp-json\/wp\/v2\/media?parent=179"}],"curies":[{"name":"wp","href":"https:\/\/api.w.org\/{rel}","templated":true}]}}