{"id":183,"date":"2023-09-20T05:49:20","date_gmt":"2023-09-20T05:49:20","guid":{"rendered":"https:\/\/www.quotesdir.com\/?page_id=183"},"modified":"2023-09-21T06:58:38","modified_gmt":"2023-09-21T06:58:38","slug":"contact","status":"publish","type":"page","link":"https:\/\/www.quotesdir.com\/fr\/contact\/","title":{"rendered":"Contact"},"content":{"rendered":"\n<p><strong>Nous sommes l\u00e0 pour vous aider !<\/strong><\/p>\n\n\n\n<p>Si vous avez des questions ou des commentaires sur notre site web, n&rsquo;h\u00e9sitez pas \u00e0 nous contacter. Nous sommes toujours \u00e0 la recherche de moyens d&rsquo;am\u00e9liorer nos services et nous appr\u00e9cions votre contribution.<\/p>\n\n\n\n<p><strong>Informations sur les contacts<\/strong><\/p>\n\n\n\n<p>Courriel : [email protected]<\/p>\n\n\n\n<p>Adresse : quotesdir.com [Adresse]<\/p>\n\n\n\n<p>Merci d&rsquo;utiliser quotesdir.com !<\/p>\n","protected":false},"excerpt":{"rendered":"<p>Nous sommes l\u00e0 pour vous aider ! Si vous avez des questions ou des commentaires sur notre site web, n&rsquo;h\u00e9sitez pas \u00e0 nous contacter. Nous sommes toujours \u00e0 la recherche de moyens d&rsquo;am\u00e9liorer nos services et nous appr\u00e9cions votre contribution. Informations sur les contacts Courriel : [email protected] Adresse : quotesdir.com [Adresse] Merci d&rsquo;utiliser quotesdir.com&#8230;<\/p>\n","protected":false},"author":1,"featured_media":185,"parent":0,"menu_order":0,"comment_status":"closed","ping_status":"closed","template":"","meta":{"_kad_post_transparent":"","_kad_post_title":"","_kad_post_layout":"","_kad_post_sidebar_id":"","_kad_post_content_style":"","_kad_post_vertical_padding":"","_kad_post_feature":"","_kad_post_feature_position":"","_kad_post_header":false,"_kad_post_footer":false,"footnotes":""},"class_list":["post-183","page","type-page","status-publish","has-post-thumbnail","hentry"],"aioseo_notices":[],"_links":{"self":[{"href":"https:\/\/www.quotesdir.com\/fr\/wp-json\/wp\/v2\/pages\/183","targetHints":{"allow":["GET"]}}],"collection":[{"href":"https:\/\/www.quotesdir.com\/fr\/wp-json\/wp\/v2\/pages"}],"about":[{"href":"https:\/\/www.quotesdir.com\/fr\/wp-json\/wp\/v2\/types\/page"}],"author":[{"embeddable":true,"href":"https:\/\/www.quotesdir.com\/fr\/wp-json\/wp\/v2\/users\/1"}],"replies":[{"embeddable":true,"href":"https:\/\/www.quotesdir.com\/fr\/wp-json\/wp\/v2\/comments?post=183"}],"version-history":[{"count":2,"href":"https:\/\/www.quotesdir.com\/fr\/wp-json\/wp\/v2\/pages\/183\/revisions"}],"predecessor-version":[{"id":667,"href":"https:\/\/www.quotesdir.com\/fr\/wp-json\/wp\/v2\/pages\/183\/revisions\/667"}],"wp:featuredmedia":[{"embeddable":true,"href":"https:\/\/www.quotesdir.com\/fr\/wp-json\/wp\/v2\/media\/185"}],"wp:attachment":[{"href":"https:\/\/www.quotesdir.com\/fr\/wp-json\/wp\/v2\/media?parent=183"}],"curies":[{"name":"wp","href":"https:\/\/api.w.org\/{rel}","templated":true}]}}