{"id":176,"date":"2023-09-20T05:47:15","date_gmt":"2023-09-20T05:47:15","guid":{"rendered":"https:\/\/www.quotesdir.com\/?page_id=176"},"modified":"2023-09-21T06:59:22","modified_gmt":"2023-09-21T06:59:22","slug":"politique-du-droit-dauteur","status":"publish","type":"page","link":"https:\/\/www.quotesdir.com\/fr\/politique-du-droit-dauteur\/","title":{"rendered":"Politique du droit d&rsquo;auteur"},"content":{"rendered":"\n<p>quotesdir.com respecte les droits de propri\u00e9t\u00e9 intellectuelle d&rsquo;autrui. Nous interdisons l&rsquo;utilisation de notre site web pour enfreindre les droits d&rsquo;auteur d&rsquo;autrui.<\/p>\n\n\n\n<p><strong>Contenu prot\u00e9g\u00e9 par le droit d&rsquo;auteur<\/strong><\/p>\n\n\n\n<p>Le contenu de ce site, y compris les citations, les images et autres mat\u00e9riaux, est la propri\u00e9t\u00e9 de quotesdir.com ou de ses conc\u00e9dants de licence. Vous ne pouvez pas utiliser, copier, distribuer ou modifier le contenu de ce site sans l&rsquo;autorisation expresse de quotesdir.com.<\/p>\n\n\n\n<p><strong>Utilisations autoris\u00e9es<\/strong><\/p>\n\n\n\n<p>Vous pouvez utiliser le contenu de ce site \u00e0 des fins personnelles et non commerciales uniquement. Vous ne pouvez pas utiliser le contenu de ce site \u00e0 des fins commerciales, telles que la vente ou la distribution du contenu.<\/p>\n\n\n\n<p><strong>Utilisations interdites<\/strong><\/p>\n\n\n\n<p>Vous ne pouvez pas utiliser le contenu de ce site web d&rsquo;une mani\u00e8re qui viole les droits d&rsquo;auteur d&rsquo;autrui. Vous ne pouvez pas utiliser le contenu de ce site web pour :<\/p>\n\n\n\n<p>afficher ou transmettre un contenu ill\u00e9gal, nuisible, mena\u00e7ant, abusif, harcelant, diffamatoire, vulgaire, obsc\u00e8ne ou autrement r\u00e9pr\u00e9hensible.<\/p>\n\n\n\n<p>Publier ou transmettre tout contenu qui viole les droits de propri\u00e9t\u00e9 intellectuelle d&rsquo;autrui.<\/p>\n\n\n\n<p>Publier ou transmettre un contenu faux ou trompeur.<\/p>\n\n\n\n<p>Usurper l&rsquo;identit\u00e9 d&rsquo;une autre personne.<\/p>\n\n\n\n<p>Violation des droits d&rsquo;auteur<\/p>\n\n\n\n<p>Si vous pensez que vos droits d&rsquo;auteur ont \u00e9t\u00e9 viol\u00e9s par le contenu de ce site web, veuillez nous contacter \u00e0 l&rsquo;adresse [email protected].<\/p>\n\n\n\n<p><strong>Avis de violation des droits d&rsquo;auteur<\/strong><\/p>\n\n\n\n<p>Pour d\u00e9poser un avis de violation de droits d&rsquo;auteur, veuillez fournir les informations suivantes :<\/p>\n\n\n\n<p>Une signature physique ou \u00e9lectronique du titulaire des droits d&rsquo;auteur ou d&rsquo;une personne autoris\u00e9e \u00e0 agir en son nom.<\/p>\n\n\n\n<p>L&rsquo;identification de l&rsquo;\u0153uvre prot\u00e9g\u00e9e par des droits d&rsquo;auteur qui, selon vous, a \u00e9t\u00e9 viol\u00e9e.<\/p>\n\n\n\n<p>L&rsquo;identification du mat\u00e9riel que vous pr\u00e9tendez \u00eatre en infraction et l&rsquo;endroit o\u00f9 il se trouve sur notre site web.<\/p>\n\n\n\n<p>Vos coordonn\u00e9es, y compris votre nom, votre adresse et votre num\u00e9ro de t\u00e9l\u00e9phone.<\/p>\n\n\n\n<p>Une d\u00e9claration de votre part indiquant que vous pensez de bonne foi que l&rsquo;utilisation du mat\u00e9riel n&rsquo;est pas autoris\u00e9e par le d\u00e9tenteur des droits d&rsquo;auteur, son agent ou la loi.<\/p>\n\n\n\n<p>Une d\u00e9claration de votre part, sous peine de parjure, selon laquelle les informations contenues dans votre avis sont exactes et que vous \u00eates le d\u00e9tenteur des droits d&rsquo;auteur ou autoris\u00e9 \u00e0 agir en son nom.<\/p>\n\n\n\n<p>Nous r\u00e9pondrons rapidement \u00e0 tous les avis de violation des droits d&rsquo;auteur et prendrons les mesures qui s&rsquo;imposent.<\/p>\n","protected":false},"excerpt":{"rendered":"<p>quotesdir.com respecte les droits de propri\u00e9t\u00e9 intellectuelle d&rsquo;autrui. Nous interdisons l&rsquo;utilisation de notre site web pour enfreindre les droits d&rsquo;auteur d&rsquo;autrui. Contenu prot\u00e9g\u00e9 par le droit d&rsquo;auteur Le contenu de ce site, y compris les citations, les images et autres mat\u00e9riaux, est la propri\u00e9t\u00e9 de quotesdir.com ou de ses conc\u00e9dants de licence. Vous ne pouvez&#8230;<\/p>\n","protected":false},"author":1,"featured_media":180,"parent":0,"menu_order":0,"comment_status":"closed","ping_status":"closed","template":"","meta":{"_kad_post_transparent":"","_kad_post_title":"","_kad_post_layout":"","_kad_post_sidebar_id":"","_kad_post_content_style":"","_kad_post_vertical_padding":"","_kad_post_feature":"","_kad_post_feature_position":"","_kad_post_header":false,"_kad_post_footer":false,"footnotes":""},"class_list":["post-176","page","type-page","status-publish","has-post-thumbnail","hentry"],"aioseo_notices":[],"_links":{"self":[{"href":"https:\/\/www.quotesdir.com\/fr\/wp-json\/wp\/v2\/pages\/176","targetHints":{"allow":["GET"]}}],"collection":[{"href":"https:\/\/www.quotesdir.com\/fr\/wp-json\/wp\/v2\/pages"}],"about":[{"href":"https:\/\/www.quotesdir.com\/fr\/wp-json\/wp\/v2\/types\/page"}],"author":[{"embeddable":true,"href":"https:\/\/www.quotesdir.com\/fr\/wp-json\/wp\/v2\/users\/1"}],"replies":[{"embeddable":true,"href":"https:\/\/www.quotesdir.com\/fr\/wp-json\/wp\/v2\/comments?post=176"}],"version-history":[{"count":2,"href":"https:\/\/www.quotesdir.com\/fr\/wp-json\/wp\/v2\/pages\/176\/revisions"}],"predecessor-version":[{"id":668,"href":"https:\/\/www.quotesdir.com\/fr\/wp-json\/wp\/v2\/pages\/176\/revisions\/668"}],"wp:featuredmedia":[{"embeddable":true,"href":"https:\/\/www.quotesdir.com\/fr\/wp-json\/wp\/v2\/media\/180"}],"wp:attachment":[{"href":"https:\/\/www.quotesdir.com\/fr\/wp-json\/wp\/v2\/media?parent=176"}],"curies":[{"name":"wp","href":"https:\/\/api.w.org\/{rel}","templated":true}]}}