{"id":170,"date":"2023-09-20T05:42:37","date_gmt":"2023-09-20T05:42:37","guid":{"rendered":"https:\/\/www.quotesdir.com\/?page_id=170"},"modified":"2023-09-21T06:58:00","modified_gmt":"2023-09-21T06:58:00","slug":"a-propos-de-nous","status":"publish","type":"page","link":"https:\/\/www.quotesdir.com\/fr\/a-propos-de-nous\/","title":{"rendered":"\u00c0 propos de nous"},"content":{"rendered":"\n<p>quotesdir.com est un site web d\u00e9di\u00e9 \u00e0 la fourniture d&rsquo;un r\u00e9pertoire complet de citations de personnes c\u00e9l\u00e8bres. Nous proposons des citations en plusieurs langues, dont l&rsquo;anglais, l&rsquo;allemand, le fran\u00e7ais, l&rsquo;italien, l&rsquo;espagnol, le portugais et le turc.<\/p>\n\n\n\n<p>Nos citations sont soigneusement s\u00e9lectionn\u00e9es pour \u00eatre une source d&rsquo;inspiration, de r\u00e9flexion et d&rsquo;humour. Nous pensons que les citations peuvent \u00eatre un outil puissant pour le d\u00e9veloppement personnel.<\/p>\n\n\n\n<p><strong>Caract\u00e9ristiques<\/strong><\/p>\n\n\n\n<p>Nous proposons une grande vari\u00e9t\u00e9 de citations, couvrant un large \u00e9ventail de sujets.<\/p>\n\n\n\n<p>Nos citations sont accompagn\u00e9es d&rsquo;images, ce qui permet de les partager facilement sur les m\u00e9dias sociaux.<\/p>\n\n\n\n<p>Nous offrons une vari\u00e9t\u00e9 de filtres pour vous aider \u00e0 trouver la citation parfaite pour vos besoins.<\/p>\n\n\n\n<p><strong>Notre mission<\/strong><\/p>\n\n\n\n<p>Notre mission est de rendre les citations accessibles et agr\u00e9ables pour tous. Nous pensons que les citations peuvent \u00eatre une source d&rsquo;inspiration et de motivation pour les personnes de tous \u00e2ges.<\/p>\n\n\n\n<p><strong>Cat\u00e9gories de contenu<\/strong><\/p>\n\n\n\n<p>Citations sur l&rsquo;amour<\/p>\n\n\n\n<p>Citations sur la vie<\/p>\n\n\n\n<p>Citations inspirantes<\/p>\n\n\n\n<p>Citations humoristiques<\/p>\n\n\n\n<p>Citations sur la philosophie<\/p>\n\n\n\n<p>Citations sur Dieu<\/p>\n\n\n\n<p>Citations sur la v\u00e9rit\u00e9<\/p>\n\n\n\n<p>Citations sur la sagesse<\/p>\n\n\n\n<p>Citations sur le romantisme<\/p>\n\n\n\n<p>Po\u00e9sie<\/p>\n\n\n\n<p>Citations sur la mort<\/p>\n\n\n\n<p>Citations sur le bonheur<\/p>\n\n\n\n<p>Citations sur l&rsquo;espoir<\/p>\n\n\n\n<p>Citations sur la foi<\/p>\n\n\n\n<p>Citations sur les le\u00e7ons de vie<\/p>\n\n\n\n<p>Citations sur la motivation<\/p>\n\n\n\n<p>Citations sur l&rsquo;\u00e9criture<\/p>\n\n\n\n<p>Citations sur la religion<\/p>\n\n\n\n<p>Citations sur la spiritualit\u00e9<\/p>\n\n\n\n<p>Citations sur les relations<\/p>\n\n\n\n<p>Citations sur le succ\u00e8s<\/p>\n\n\n\n<p>Citations sur le temps<\/p>\n\n\n\n<p>Citations sur la motivation<\/p>\n\n\n\n<p>Citations sur la science<\/p>\n\n\n\n<p>Citations sur la connaissance<\/p>\n\n\n\n<p>Contact<\/p>\n\n\n\n<p>Si vous avez des questions ou des commentaires, veuillez nous contacter \u00e0 [email protected].<\/p>\n","protected":false},"excerpt":{"rendered":"<p>quotesdir.com est un site web d\u00e9di\u00e9 \u00e0 la fourniture d&rsquo;un r\u00e9pertoire complet de citations de personnes c\u00e9l\u00e8bres. Nous proposons des citations en plusieurs langues, dont l&rsquo;anglais, l&rsquo;allemand, le fran\u00e7ais, l&rsquo;italien, l&rsquo;espagnol, le portugais et le turc. Nos citations sont soigneusement s\u00e9lectionn\u00e9es pour \u00eatre une source d&rsquo;inspiration, de r\u00e9flexion et d&rsquo;humour. Nous pensons que les citations&#8230;<\/p>\n","protected":false},"author":1,"featured_media":666,"parent":0,"menu_order":0,"comment_status":"closed","ping_status":"closed","template":"","meta":{"_kad_post_transparent":"","_kad_post_title":"","_kad_post_layout":"","_kad_post_sidebar_id":"","_kad_post_content_style":"","_kad_post_vertical_padding":"","_kad_post_feature":"","_kad_post_feature_position":"","_kad_post_header":false,"_kad_post_footer":false,"footnotes":""},"class_list":["post-170","page","type-page","status-publish","has-post-thumbnail","hentry"],"aioseo_notices":[],"_links":{"self":[{"href":"https:\/\/www.quotesdir.com\/fr\/wp-json\/wp\/v2\/pages\/170","targetHints":{"allow":["GET"]}}],"collection":[{"href":"https:\/\/www.quotesdir.com\/fr\/wp-json\/wp\/v2\/pages"}],"about":[{"href":"https:\/\/www.quotesdir.com\/fr\/wp-json\/wp\/v2\/types\/page"}],"author":[{"embeddable":true,"href":"https:\/\/www.quotesdir.com\/fr\/wp-json\/wp\/v2\/users\/1"}],"replies":[{"embeddable":true,"href":"https:\/\/www.quotesdir.com\/fr\/wp-json\/wp\/v2\/comments?post=170"}],"version-history":[{"count":2,"href":"https:\/\/www.quotesdir.com\/fr\/wp-json\/wp\/v2\/pages\/170\/revisions"}],"predecessor-version":[{"id":665,"href":"https:\/\/www.quotesdir.com\/fr\/wp-json\/wp\/v2\/pages\/170\/revisions\/665"}],"wp:featuredmedia":[{"embeddable":true,"href":"https:\/\/www.quotesdir.com\/fr\/wp-json\/wp\/v2\/media\/666"}],"wp:attachment":[{"href":"https:\/\/www.quotesdir.com\/fr\/wp-json\/wp\/v2\/media?parent=170"}],"curies":[{"name":"wp","href":"https:\/\/api.w.org\/{rel}","templated":true}]}}