{"id":183,"date":"2023-09-20T05:49:20","date_gmt":"2023-09-20T05:49:20","guid":{"rendered":"https:\/\/www.quotesdir.com\/?page_id=183"},"modified":"2023-09-21T06:30:56","modified_gmt":"2023-09-21T06:30:56","slug":"pongase-en-contacto-con","status":"publish","type":"page","link":"https:\/\/www.quotesdir.com\/es\/pongase-en-contacto-con\/","title":{"rendered":"P\u00f3ngase en contacto con"},"content":{"rendered":"\n<p><strong>Estamos aqu\u00ed para ayudarle.<\/strong><\/p>\n\n\n\n<p>Si tiene alguna pregunta o comentario sobre nuestro sitio web, no dude en ponerse en contacto con nosotros. Siempre estamos buscando formas de mejorar nuestros servicios y agradecemos sus comentarios.<\/p>\n\n\n\n<p><strong>Informaci\u00f3n de contacto<\/strong><\/p>\n\n\n\n<p>Correo electr\u00f3nico [email protected]<\/p>\n\n\n\n<p>Direcci\u00f3n: quotesdir.com [Direcci\u00f3n]<\/p>\n\n\n\n<p>\u00a1Gracias por usar quotesdir.com!<\/p>\n","protected":false},"excerpt":{"rendered":"<p>Estamos aqu\u00ed para ayudarle. Si tiene alguna pregunta o comentario sobre nuestro sitio web, no dude en ponerse en contacto con nosotros. Siempre estamos buscando formas de mejorar nuestros servicios y agradecemos sus comentarios. Informaci\u00f3n de contacto Correo electr\u00f3nico [email protected] Direcci\u00f3n: quotesdir.com [Direcci\u00f3n] \u00a1Gracias por usar quotesdir.com!<\/p>\n","protected":false},"author":1,"featured_media":185,"parent":0,"menu_order":0,"comment_status":"closed","ping_status":"closed","template":"","meta":{"_kad_post_transparent":"","_kad_post_title":"","_kad_post_layout":"","_kad_post_sidebar_id":"","_kad_post_content_style":"","_kad_post_vertical_padding":"","_kad_post_feature":"","_kad_post_feature_position":"","_kad_post_header":false,"_kad_post_footer":false,"footnotes":""},"class_list":["post-183","page","type-page","status-publish","has-post-thumbnail","hentry"],"aioseo_notices":[],"_links":{"self":[{"href":"https:\/\/www.quotesdir.com\/es\/wp-json\/wp\/v2\/pages\/183","targetHints":{"allow":["GET"]}}],"collection":[{"href":"https:\/\/www.quotesdir.com\/es\/wp-json\/wp\/v2\/pages"}],"about":[{"href":"https:\/\/www.quotesdir.com\/es\/wp-json\/wp\/v2\/types\/page"}],"author":[{"embeddable":true,"href":"https:\/\/www.quotesdir.com\/es\/wp-json\/wp\/v2\/users\/1"}],"replies":[{"embeddable":true,"href":"https:\/\/www.quotesdir.com\/es\/wp-json\/wp\/v2\/comments?post=183"}],"version-history":[{"count":3,"href":"https:\/\/www.quotesdir.com\/es\/wp-json\/wp\/v2\/pages\/183\/revisions"}],"predecessor-version":[{"id":668,"href":"https:\/\/www.quotesdir.com\/es\/wp-json\/wp\/v2\/pages\/183\/revisions\/668"}],"wp:featuredmedia":[{"embeddable":true,"href":"https:\/\/www.quotesdir.com\/es\/wp-json\/wp\/v2\/media\/185"}],"wp:attachment":[{"href":"https:\/\/www.quotesdir.com\/es\/wp-json\/wp\/v2\/media?parent=183"}],"curies":[{"name":"wp","href":"https:\/\/api.w.org\/{rel}","templated":true}]}}