{"id":179,"date":"2023-09-20T05:48:09","date_gmt":"2023-09-20T05:48:09","guid":{"rendered":"https:\/\/www.quotesdir.com\/?page_id=179"},"modified":"2023-09-21T06:32:23","modified_gmt":"2023-09-21T06:32:23","slug":"politica-de-divulgacion","status":"publish","type":"page","link":"https:\/\/www.quotesdir.com\/es\/politica-de-divulgacion\/","title":{"rendered":"Pol\u00edtica de divulgaci\u00f3n"},"content":{"rendered":"\n<p>quotesdir.com es un sitio web que ofrece un directorio de citas de personajes famosos. Ofrecemos citas en varios idiomas, como ingl\u00e9s, alem\u00e1n, franc\u00e9s, italiano, espa\u00f1ol, portugu\u00e9s y turco.<\/p>\n\n\n\n<p><strong>Declaraci\u00f3n de afiliaci\u00f3n<\/strong><\/p>\n\n\n\n<p>quotesdir.com puede contener enlaces de afiliados a productos o servicios. Si hace clic en un enlace de afiliado y realiza una compra, podemos ganar una comisi\u00f3n.<\/p>\n\n\n\n<p><strong>Divulgaci\u00f3n de publicidad<\/strong><\/p>\n\n\n\n<p>quotesdir.com puede contener publicidad. La publicidad en nuestro sitio web es gestionada por empresas de publicidad de terceros. Estas empresas pueden utilizar cookies y otras tecnolog\u00edas de seguimiento para recopilar informaci\u00f3n sobre sus actividades de navegaci\u00f3n.<\/p>\n\n\n\n<p><strong>Divulgaci\u00f3n de medios sociales<\/strong><\/p>\n\n\n\n<p>quotesdir.com puede utilizar plataformas de medios sociales para promocionar nuestro sitio web y nuestros productos. Las plataformas de medios sociales que utilizamos pueden recopilar informaci\u00f3n sobre sus actividades de navegaci\u00f3n.<\/p>\n\n\n\n<p><strong>Otras divulgaciones<\/strong><\/p>\n\n\n\n<p>quotesdir.com puede hacer otras revelaciones de vez en cuando. Estas divulgaciones pueden hacerse en forma de entradas de blog, comunicados de prensa u otras comunicaciones.<\/p>\n\n\n\n<p><strong>Cambios en la pol\u00edtica de divulgaci\u00f3n<\/strong><\/p>\n\n\n\n<p>Podemos actualizar esta pol\u00edtica de divulgaci\u00f3n de vez en cuando. Si realizamos alg\u00fan cambio sustancial, se lo notificaremos por correo electr\u00f3nico o a trav\u00e9s de un aviso destacado en nuestro sitio web.<\/p>\n\n\n\n<p><strong>P\u00f3ngase en contacto con nosotros<\/strong><\/p>\n\n\n\n<p>Si tiene alguna pregunta o duda sobre nuestra Pol\u00edtica de Divulgaci\u00f3n, p\u00f3ngase en contacto con nosotros en:<\/p>\n\n\n\n<p>Correo electr\u00f3nico: [email protected]<\/p>\n\n\n\n<p>Direcci\u00f3n: quotesdir.com [Direcci\u00f3n]<\/p>\n","protected":false},"excerpt":{"rendered":"<p>quotesdir.com es un sitio web que ofrece un directorio de citas de personajes famosos. Ofrecemos citas en varios idiomas, como ingl\u00e9s, alem\u00e1n, franc\u00e9s, italiano, espa\u00f1ol, portugu\u00e9s y turco. Declaraci\u00f3n de afiliaci\u00f3n quotesdir.com puede contener enlaces de afiliados a productos o servicios. Si hace clic en un enlace de afiliado y realiza una compra, podemos ganar&#8230;<\/p>\n","protected":false},"author":1,"featured_media":182,"parent":0,"menu_order":0,"comment_status":"closed","ping_status":"closed","template":"","meta":{"_kad_post_transparent":"","_kad_post_title":"","_kad_post_layout":"","_kad_post_sidebar_id":"","_kad_post_content_style":"","_kad_post_vertical_padding":"","_kad_post_feature":"","_kad_post_feature_position":"","_kad_post_header":false,"_kad_post_footer":false,"footnotes":""},"class_list":["post-179","page","type-page","status-publish","has-post-thumbnail","hentry"],"aioseo_notices":[],"_links":{"self":[{"href":"https:\/\/www.quotesdir.com\/es\/wp-json\/wp\/v2\/pages\/179","targetHints":{"allow":["GET"]}}],"collection":[{"href":"https:\/\/www.quotesdir.com\/es\/wp-json\/wp\/v2\/pages"}],"about":[{"href":"https:\/\/www.quotesdir.com\/es\/wp-json\/wp\/v2\/types\/page"}],"author":[{"embeddable":true,"href":"https:\/\/www.quotesdir.com\/es\/wp-json\/wp\/v2\/users\/1"}],"replies":[{"embeddable":true,"href":"https:\/\/www.quotesdir.com\/es\/wp-json\/wp\/v2\/comments?post=179"}],"version-history":[{"count":2,"href":"https:\/\/www.quotesdir.com\/es\/wp-json\/wp\/v2\/pages\/179\/revisions"}],"predecessor-version":[{"id":670,"href":"https:\/\/www.quotesdir.com\/es\/wp-json\/wp\/v2\/pages\/179\/revisions\/670"}],"wp:featuredmedia":[{"embeddable":true,"href":"https:\/\/www.quotesdir.com\/es\/wp-json\/wp\/v2\/media\/182"}],"wp:attachment":[{"href":"https:\/\/www.quotesdir.com\/es\/wp-json\/wp\/v2\/media?parent=179"}],"curies":[{"name":"wp","href":"https:\/\/api.w.org\/{rel}","templated":true}]}}