{"id":176,"date":"2023-09-20T05:47:15","date_gmt":"2023-09-20T05:47:15","guid":{"rendered":"https:\/\/www.quotesdir.com\/?page_id=176"},"modified":"2023-09-21T06:31:37","modified_gmt":"2023-09-21T06:31:37","slug":"politica-de-derechos-de-autor","status":"publish","type":"page","link":"https:\/\/www.quotesdir.com\/es\/politica-de-derechos-de-autor\/","title":{"rendered":"Pol\u00edtica de derechos de autor"},"content":{"rendered":"\n<p>quotesdir.com respeta los derechos de propiedad intelectual de terceros. Prohibimos el uso de nuestro sitio web para infringir los derechos de autor de terceros.<\/p>\n\n\n\n<p>Contenido protegido por derechos de autor<\/p>\n\n\n\n<p>El contenido de este sitio web, incluyendo citas, im\u00e1genes y otros materiales, es propiedad de quotesdir.com o sus licenciantes. Usted no puede utilizar, copiar, distribuir o modificar el contenido de este sitio web sin el permiso expreso de quotesdir.com.<\/p>\n\n\n\n<p><strong>Usos permitidos<\/strong><\/p>\n\n\n\n<p>Puede utilizar el contenido de este sitio web \u00fanicamente con fines personales y no comerciales. No puede utilizar el contenido de este sitio web con fines comerciales, como la venta o distribuci\u00f3n del contenido.<\/p>\n\n\n\n<p><strong>Usos prohibidos<\/strong><\/p>\n\n\n\n<p>No puede utilizar el contenido de este sitio web de ninguna manera que viole los derechos de autor de terceros. No puede utilizar el contenido de este sitio web para:<\/p>\n\n\n\n<p>Publicar o transmitir cualquier contenido ilegal, da\u00f1ino, amenazador, abusivo, acosador, difamatorio, vulgar, obsceno o de cualquier otra forma objetable.<\/p>\n\n\n\n<p>Publicar o transmitir cualquier contenido que viole los derechos de propiedad intelectual de otros.<\/p>\n\n\n\n<p>Publicar o transmitir cualquier contenido que sea falso o enga\u00f1oso.<\/p>\n\n\n\n<p>Hacerse pasar por otra persona.<\/p>\n\n\n\n<p>Infracci\u00f3n de derechos de autor<\/p>\n\n\n\n<p>Si cree que el contenido de este sitio web infringe sus derechos de autor, p\u00f3ngase en contacto con nosotros en [email protected].<\/p>\n\n\n\n<p><strong>Notificaci\u00f3n de infracci\u00f3n de derechos de autor<\/strong><\/p>\n\n\n\n<p>Para presentar una notificaci\u00f3n de infracci\u00f3n de derechos de autor, facilite la siguiente informaci\u00f3n:<\/p>\n\n\n\n<p>Una firma f\u00edsica o electr\u00f3nica del propietario de los derechos de autor o de una persona autorizada para actuar en su nombre.<\/p>\n\n\n\n<p>Identificaci\u00f3n de la obra protegida por derechos de autor que, seg\u00fan usted, se ha infringido.<\/p>\n\n\n\n<p>Identificaci\u00f3n del material que afirma que se ha infringido y d\u00f3nde se encuentra en nuestro sitio web.<\/p>\n\n\n\n<p>Su informaci\u00f3n de contacto, incluidos su nombre, direcci\u00f3n y n\u00famero de tel\u00e9fono.<\/p>\n\n\n\n<p>Su declaraci\u00f3n de que cree de buena fe que el uso del material no est\u00e1 autorizado por el propietario de los derechos de autor, su agente o la ley.<\/p>\n\n\n\n<p>Una declaraci\u00f3n suya, bajo pena de perjurio, de que la informaci\u00f3n contenida en su notificaci\u00f3n es exacta y de que usted es el propietario de los derechos de autor o est\u00e1 autorizado para actuar en su nombre.<\/p>\n\n\n\n<p>Responderemos con prontitud a todos los avisos de infracci\u00f3n de derechos de autor y tomaremos las medidas oportunas.<\/p>\n","protected":false},"excerpt":{"rendered":"<p>quotesdir.com respeta los derechos de propiedad intelectual de terceros. Prohibimos el uso de nuestro sitio web para infringir los derechos de autor de terceros. Contenido protegido por derechos de autor El contenido de este sitio web, incluyendo citas, im\u00e1genes y otros materiales, es propiedad de quotesdir.com o sus licenciantes. Usted no puede utilizar, copiar, distribuir&#8230;<\/p>\n","protected":false},"author":1,"featured_media":180,"parent":0,"menu_order":0,"comment_status":"closed","ping_status":"closed","template":"","meta":{"_kad_post_transparent":"","_kad_post_title":"","_kad_post_layout":"","_kad_post_sidebar_id":"","_kad_post_content_style":"","_kad_post_vertical_padding":"","_kad_post_feature":"","_kad_post_feature_position":"","_kad_post_header":false,"_kad_post_footer":false,"footnotes":""},"class_list":["post-176","page","type-page","status-publish","has-post-thumbnail","hentry"],"aioseo_notices":[],"_links":{"self":[{"href":"https:\/\/www.quotesdir.com\/es\/wp-json\/wp\/v2\/pages\/176","targetHints":{"allow":["GET"]}}],"collection":[{"href":"https:\/\/www.quotesdir.com\/es\/wp-json\/wp\/v2\/pages"}],"about":[{"href":"https:\/\/www.quotesdir.com\/es\/wp-json\/wp\/v2\/types\/page"}],"author":[{"embeddable":true,"href":"https:\/\/www.quotesdir.com\/es\/wp-json\/wp\/v2\/users\/1"}],"replies":[{"embeddable":true,"href":"https:\/\/www.quotesdir.com\/es\/wp-json\/wp\/v2\/comments?post=176"}],"version-history":[{"count":2,"href":"https:\/\/www.quotesdir.com\/es\/wp-json\/wp\/v2\/pages\/176\/revisions"}],"predecessor-version":[{"id":669,"href":"https:\/\/www.quotesdir.com\/es\/wp-json\/wp\/v2\/pages\/176\/revisions\/669"}],"wp:featuredmedia":[{"embeddable":true,"href":"https:\/\/www.quotesdir.com\/es\/wp-json\/wp\/v2\/media\/180"}],"wp:attachment":[{"href":"https:\/\/www.quotesdir.com\/es\/wp-json\/wp\/v2\/media?parent=176"}],"curies":[{"name":"wp","href":"https:\/\/api.w.org\/{rel}","templated":true}]}}