{"id":170,"date":"2023-09-20T05:42:37","date_gmt":"2023-09-20T05:42:37","guid":{"rendered":"https:\/\/www.quotesdir.com\/?page_id=170"},"modified":"2023-09-21T06:30:15","modified_gmt":"2023-09-21T06:30:15","slug":"quienes-somos","status":"publish","type":"page","link":"https:\/\/www.quotesdir.com\/es\/quienes-somos\/","title":{"rendered":"Qui\u00e9nes somos"},"content":{"rendered":"\n<p>quotesdir.com es un sitio web dedicado a ofrecer un amplio directorio de citas de personajes famosos. Ofrecemos citas en varios idiomas, como ingl\u00e9s, alem\u00e1n, franc\u00e9s, italiano, espa\u00f1ol, portugu\u00e9s y turco.<\/p>\n\n\n\n<p>Nuestras citas han sido cuidadosamente seleccionadas para que sirvan de inspiraci\u00f3n, inviten a la reflexi\u00f3n y sean humor\u00edsticas. Creemos que las citas pueden ser una poderosa herramienta para el crecimiento y el desarrollo personal.<\/p>\n\n\n\n<p><strong>Caracter\u00edsticas<\/strong><\/p>\n\n\n\n<p>Ofrecemos una amplia variedad de citas, que cubren una gran variedad de temas.<\/p>\n\n\n\n<p>Nuestras citas van acompa\u00f1adas de im\u00e1genes, por lo que son f\u00e1ciles de compartir en las redes sociales.<\/p>\n\n\n\n<p>Ofrecemos una variedad de filtros para ayudarte a encontrar la cita perfecta para tus necesidades.<\/p>\n\n\n\n<p><strong>Misi\u00f3n<\/strong><\/p>\n\n\n\n<p>Nuestra misi\u00f3n es hacer que las citas sean accesibles y agradables para todos. Creemos que las citas pueden ser una fuente de inspiraci\u00f3n y motivaci\u00f3n para personas de todas las edades.<\/p>\n\n\n\n<p><strong>Categor\u00edas de contenido<\/strong><\/p>\n\n\n\n<p>Citas de amor<\/p>\n\n\n\n<p>Citas sobre la vida<\/p>\n\n\n\n<p>Citas de inspiraci\u00f3n<\/p>\n\n\n\n<p>Citas de humor<\/p>\n\n\n\n<p>Citas de Filosof\u00eda<\/p>\n\n\n\n<p>Dios Citas<\/p>\n\n\n\n<p>Citas sobre la verdad<\/p>\n\n\n\n<p>Citas de sabidur\u00eda<\/p>\n\n\n\n<p>Citas de romance<\/p>\n\n\n\n<p>Citas de poes\u00eda<\/p>\n\n\n\n<p>Citas sobre la muerte<\/p>\n\n\n\n<p>Citas sobre la felicidad<\/p>\n\n\n\n<p>Citas sobre la esperanza<\/p>\n\n\n\n<p>Citas sobre la fe<\/p>\n\n\n\n<p>Lecciones de la vida<\/p>\n\n\n\n<p>Citas Motivacionales<\/p>\n\n\n\n<p>Citas sobre la escritura<\/p>\n\n\n\n<p>Citas sobre religi\u00f3n<\/p>\n\n\n\n<p>Citas sobre espiritualidad<\/p>\n\n\n\n<p>Citas sobre relaciones<\/p>\n\n\n\n<p>Citas sobre el \u00e9xito<\/p>\n\n\n\n<p>Citas sobre el tiempo<\/p>\n\n\n\n<p>Citas sobre la motivaci\u00f3n<\/p>\n\n\n\n<p>Citas sobre la ciencia<\/p>\n\n\n\n<p>Citas sobre el conocimiento<\/p>\n\n\n\n<p>Contacto<\/p>\n\n\n\n<p>Si tiene alguna pregunta o comentario, p\u00f3ngase en contacto con nosotros en [email protected].<\/p>\n","protected":false},"excerpt":{"rendered":"<p>quotesdir.com es un sitio web dedicado a ofrecer un amplio directorio de citas de personajes famosos. Ofrecemos citas en varios idiomas, como ingl\u00e9s, alem\u00e1n, franc\u00e9s, italiano, espa\u00f1ol, portugu\u00e9s y turco. Nuestras citas han sido cuidadosamente seleccionadas para que sirvan de inspiraci\u00f3n, inviten a la reflexi\u00f3n y sean humor\u00edsticas. Creemos que las citas pueden ser una&#8230;<\/p>\n","protected":false},"author":1,"featured_media":666,"parent":0,"menu_order":0,"comment_status":"closed","ping_status":"closed","template":"","meta":{"_kad_post_transparent":"","_kad_post_title":"","_kad_post_layout":"","_kad_post_sidebar_id":"","_kad_post_content_style":"","_kad_post_vertical_padding":"","_kad_post_feature":"","_kad_post_feature_position":"","_kad_post_header":false,"_kad_post_footer":false,"footnotes":""},"class_list":["post-170","page","type-page","status-publish","has-post-thumbnail","hentry"],"aioseo_notices":[],"_links":{"self":[{"href":"https:\/\/www.quotesdir.com\/es\/wp-json\/wp\/v2\/pages\/170","targetHints":{"allow":["GET"]}}],"collection":[{"href":"https:\/\/www.quotesdir.com\/es\/wp-json\/wp\/v2\/pages"}],"about":[{"href":"https:\/\/www.quotesdir.com\/es\/wp-json\/wp\/v2\/types\/page"}],"author":[{"embeddable":true,"href":"https:\/\/www.quotesdir.com\/es\/wp-json\/wp\/v2\/users\/1"}],"replies":[{"embeddable":true,"href":"https:\/\/www.quotesdir.com\/es\/wp-json\/wp\/v2\/comments?post=170"}],"version-history":[{"count":2,"href":"https:\/\/www.quotesdir.com\/es\/wp-json\/wp\/v2\/pages\/170\/revisions"}],"predecessor-version":[{"id":665,"href":"https:\/\/www.quotesdir.com\/es\/wp-json\/wp\/v2\/pages\/170\/revisions\/665"}],"wp:featuredmedia":[{"embeddable":true,"href":"https:\/\/www.quotesdir.com\/es\/wp-json\/wp\/v2\/media\/666"}],"wp:attachment":[{"href":"https:\/\/www.quotesdir.com\/es\/wp-json\/wp\/v2\/media?parent=170"}],"curies":[{"name":"wp","href":"https:\/\/api.w.org\/{rel}","templated":true}]}}