{"id":179,"date":"2023-09-20T05:48:09","date_gmt":"2023-09-20T05:48:09","guid":{"rendered":"https:\/\/www.quotesdir.com\/?page_id=179"},"modified":"2023-09-21T06:15:54","modified_gmt":"2023-09-21T06:15:54","slug":"offenlegungspolitik","status":"publish","type":"page","link":"https:\/\/www.quotesdir.com\/de\/offenlegungspolitik\/","title":{"rendered":"Offenlegungspolitik"},"content":{"rendered":"\n<p>quotesdir.com ist eine Website, die ein Verzeichnis von Zitaten ber\u00fchmter Pers\u00f6nlichkeiten bietet. Wir bieten Zitate in einer Vielzahl von Sprachen an, darunter Englisch, Deutsch, Franz\u00f6sisch, Italienisch, Spanisch, Portugiesisch und T\u00fcrkisch.<\/p>\n\n\n\n<p><strong>Offenlegung von Partnerschaften<\/strong><\/p>\n\n\n\n<p>quotesdir.com kann Partnerlinks zu Produkten oder Dienstleistungen enthalten. Wenn Sie auf einen Partner-Link klicken und einen Kauf t\u00e4tigen, erhalten wir m\u00f6glicherweise eine Provision.<\/p>\n\n\n\n<p><strong>Offenlegung von Werbung<\/strong><\/p>\n\n\n\n<p>quotesdir.com kann Werbung enthalten. Die Werbung auf unserer Website wird von externen Werbeunternehmen verwaltet. Diese Unternehmen k\u00f6nnen Cookies und andere Tracking-Technologien verwenden, um Informationen \u00fcber Ihre Browsing-Aktivit\u00e4ten zu sammeln.<\/p>\n\n\n\n<p><strong>Offenlegung sozialer Medien<\/strong><\/p>\n\n\n\n<p>quotesdir.com kann Social-Media-Plattformen nutzen, um unsere Website und Produkte zu bewerben. Die von uns verwendeten Social-Media-Plattformen k\u00f6nnen Informationen \u00fcber Ihre Browsing-Aktivit\u00e4ten sammeln.<\/p>\n\n\n\n<p><strong>Andere Offenlegungen<\/strong><\/p>\n\n\n\n<p>quotesdir.com kann von Zeit zu Zeit weitere Angaben machen. Diese Offenlegungen k\u00f6nnen in Form von Blogbeitr\u00e4gen, Pressemitteilungen oder anderen Mitteilungen erfolgen.<\/p>\n\n\n\n<p><strong>\u00c4nderungen der Offenlegungsrichtlinien<\/strong><\/p>\n\n\n\n<p>Wir k\u00f6nnen diese Offenlegungsrichtlinie von Zeit zu Zeit aktualisieren. Wenn wir wesentliche \u00c4nderungen vornehmen, werden wir Sie per E-Mail oder durch einen auff\u00e4lligen Hinweis auf unserer Website benachrichtigen.<\/p>\n\n\n\n<p><strong>Kontaktieren Sie uns<\/strong><\/p>\n\n\n\n<p>Wenn Sie Fragen oder Bedenken bez\u00fcglich unserer Offenlegungsrichtlinien haben, kontaktieren Sie uns bitte unter:<\/p>\n\n\n\n<p>E-Mail: [email protected]<\/p>\n\n\n\n<p>Adresse: quotesdir.com [Adresse]<\/p>\n","protected":false},"excerpt":{"rendered":"<p>quotesdir.com ist eine Website, die ein Verzeichnis von Zitaten ber\u00fchmter Pers\u00f6nlichkeiten bietet. Wir bieten Zitate in einer Vielzahl von Sprachen an, darunter Englisch, Deutsch, Franz\u00f6sisch, Italienisch, Spanisch, Portugiesisch und T\u00fcrkisch. Offenlegung von Partnerschaften quotesdir.com kann Partnerlinks zu Produkten oder Dienstleistungen enthalten. Wenn Sie auf einen Partner-Link klicken und einen Kauf t\u00e4tigen, erhalten wir m\u00f6glicherweise eine&#8230;<\/p>\n","protected":false},"author":1,"featured_media":182,"parent":0,"menu_order":0,"comment_status":"closed","ping_status":"closed","template":"","meta":{"_kad_post_transparent":"","_kad_post_title":"","_kad_post_layout":"","_kad_post_sidebar_id":"","_kad_post_content_style":"","_kad_post_vertical_padding":"","_kad_post_feature":"","_kad_post_feature_position":"","_kad_post_header":false,"_kad_post_footer":false,"footnotes":""},"class_list":["post-179","page","type-page","status-publish","has-post-thumbnail","hentry"],"aioseo_notices":[],"_links":{"self":[{"href":"https:\/\/www.quotesdir.com\/de\/wp-json\/wp\/v2\/pages\/179","targetHints":{"allow":["GET"]}}],"collection":[{"href":"https:\/\/www.quotesdir.com\/de\/wp-json\/wp\/v2\/pages"}],"about":[{"href":"https:\/\/www.quotesdir.com\/de\/wp-json\/wp\/v2\/types\/page"}],"author":[{"embeddable":true,"href":"https:\/\/www.quotesdir.com\/de\/wp-json\/wp\/v2\/users\/1"}],"replies":[{"embeddable":true,"href":"https:\/\/www.quotesdir.com\/de\/wp-json\/wp\/v2\/comments?post=179"}],"version-history":[{"count":2,"href":"https:\/\/www.quotesdir.com\/de\/wp-json\/wp\/v2\/pages\/179\/revisions"}],"predecessor-version":[{"id":669,"href":"https:\/\/www.quotesdir.com\/de\/wp-json\/wp\/v2\/pages\/179\/revisions\/669"}],"wp:featuredmedia":[{"embeddable":true,"href":"https:\/\/www.quotesdir.com\/de\/wp-json\/wp\/v2\/media\/182"}],"wp:attachment":[{"href":"https:\/\/www.quotesdir.com\/de\/wp-json\/wp\/v2\/media?parent=179"}],"curies":[{"name":"wp","href":"https:\/\/api.w.org\/{rel}","templated":true}]}}