{"id":176,"date":"2023-09-20T05:47:15","date_gmt":"2023-09-20T05:47:15","guid":{"rendered":"https:\/\/www.quotesdir.com\/?page_id=176"},"modified":"2023-09-21T06:15:09","modified_gmt":"2023-09-21T06:15:09","slug":"urheberrechtspolitik","status":"publish","type":"page","link":"https:\/\/www.quotesdir.com\/de\/urheberrechtspolitik\/","title":{"rendered":"Urheberrechtspolitik"},"content":{"rendered":"\n<p>quotesdir.com respektiert die geistigen Eigentumsrechte anderer. Wir untersagen die Nutzung unserer Website, um die Urheberrechte anderer zu verletzen.<\/p>\n\n\n\n<p><strong>Urheberrechtlich gesch\u00fctzter Inhalt<\/strong><\/p>\n\n\n\n<p>Der Inhalt dieser Website, einschlie\u00dflich Zitaten, Bildern und anderen Materialien, ist Eigentum von quotesdir.com oder seinen Lizenzgebern. Sie d\u00fcrfen den Inhalt dieser Website ohne die ausdr\u00fcckliche Genehmigung von quotesdir.com nicht verwenden, kopieren, verteilen oder ver\u00e4ndern.<\/p>\n\n\n\n<p><strong>Erlaubte Nutzungen<\/strong><\/p>\n\n\n\n<p>Sie d\u00fcrfen den Inhalt dieser Website nur f\u00fcr pers\u00f6nliche, nicht-kommerzielle Zwecke nutzen. Sie d\u00fcrfen den Inhalt dieser Website nicht f\u00fcr kommerzielle Zwecke nutzen, z. B. f\u00fcr den Verkauf oder die Verbreitung des Inhalts.<\/p>\n\n\n\n<p><strong>Verbotene Nutzungen<\/strong><\/p>\n\n\n\n<p>Sie d\u00fcrfen die Inhalte dieser Website nicht in einer Weise nutzen, die die Urheberrechte anderer verletzt. Sie d\u00fcrfen die Inhalte dieser Website nicht verwenden, um:<\/p>\n\n\n\n<p>Rechtswidrige, sch\u00e4dliche, bedrohliche, beleidigende, bel\u00e4stigende, verleumderische, vulg\u00e4re, obsz\u00f6ne oder anderweitig anst\u00f6\u00dfige Inhalte zu ver\u00f6ffentlichen oder zu \u00fcbertragen.<\/p>\n\n\n\n<p>Inhalte zu ver\u00f6ffentlichen oder zu \u00fcbertragen, die die geistigen Eigentumsrechte anderer verletzen.<\/p>\n\n\n\n<p>Inhalte zu ver\u00f6ffentlichen oder zu \u00fcbertragen, die falsch oder irref\u00fchrend sind.<\/p>\n\n\n\n<p>Sich als eine andere Person auszugeben.<\/p>\n\n\n\n<p><strong>Verletzung des Urheberrechts<\/strong><\/p>\n\n\n\n<p>Wenn Sie glauben, dass Ihr Urheberrecht durch den Inhalt dieser Website verletzt wurde, kontaktieren Sie uns bitte unter [email protected]<\/p>\n\n\n\n<p><strong>Hinweis auf Urheberrechtsverletzungen<\/strong><\/p>\n\n\n\n<p>Um eine Mitteilung \u00fcber eine Urheberrechtsverletzung einzureichen, geben Sie bitte die folgenden Informationen an:<\/p>\n\n\n\n<p>Eine physische oder elektronische Unterschrift des Urheberrechtsinhabers oder einer Person, die befugt ist, in seinem Namen zu handeln.<\/p>\n\n\n\n<p>Kennzeichnung des urheberrechtlich gesch\u00fctzten Werks, das Ihrer Ansicht nach verletzt wurde.<\/p>\n\n\n\n<p>Angabe des Materials, das Ihrer Ansicht nach gegen das Urheberrecht verst\u00f6\u00dft, und wo es sich auf unserer Website befindet.<\/p>\n\n\n\n<p>Ihre Kontaktinformationen, einschlie\u00dflich Ihres Namens, Ihrer Adresse und Ihrer Telefonnummer.<\/p>\n\n\n\n<p>Eine Erkl\u00e4rung von Ihnen, dass Sie in gutem Glauben davon ausgehen, dass die Verwendung des Materials nicht durch den Urheberrechtsinhaber, seinen Vertreter oder das Gesetz genehmigt ist.<\/p>\n\n\n\n<p>Eine eidesstattliche Erkl\u00e4rung von Ihnen, dass die Informationen in Ihrer Mitteilung korrekt sind und dass Sie der Urheberrechtsinhaber sind oder befugt sind, in dessen Namen zu handeln.<\/p>\n\n\n\n<p>Wir werden auf alle Hinweise auf Urheberrechtsverletzungen umgehend reagieren und entsprechende Ma\u00dfnahmen ergreifen.<\/p>\n","protected":false},"excerpt":{"rendered":"<p>quotesdir.com respektiert die geistigen Eigentumsrechte anderer. Wir untersagen die Nutzung unserer Website, um die Urheberrechte anderer zu verletzen. Urheberrechtlich gesch\u00fctzter Inhalt Der Inhalt dieser Website, einschlie\u00dflich Zitaten, Bildern und anderen Materialien, ist Eigentum von quotesdir.com oder seinen Lizenzgebern. Sie d\u00fcrfen den Inhalt dieser Website ohne die ausdr\u00fcckliche Genehmigung von quotesdir.com nicht verwenden, kopieren, verteilen oder&#8230;<\/p>\n","protected":false},"author":1,"featured_media":180,"parent":0,"menu_order":0,"comment_status":"closed","ping_status":"closed","template":"","meta":{"_kad_post_transparent":"","_kad_post_title":"","_kad_post_layout":"","_kad_post_sidebar_id":"","_kad_post_content_style":"","_kad_post_vertical_padding":"","_kad_post_feature":"","_kad_post_feature_position":"","_kad_post_header":false,"_kad_post_footer":false,"footnotes":""},"class_list":["post-176","page","type-page","status-publish","has-post-thumbnail","hentry"],"aioseo_notices":[],"_links":{"self":[{"href":"https:\/\/www.quotesdir.com\/de\/wp-json\/wp\/v2\/pages\/176","targetHints":{"allow":["GET"]}}],"collection":[{"href":"https:\/\/www.quotesdir.com\/de\/wp-json\/wp\/v2\/pages"}],"about":[{"href":"https:\/\/www.quotesdir.com\/de\/wp-json\/wp\/v2\/types\/page"}],"author":[{"embeddable":true,"href":"https:\/\/www.quotesdir.com\/de\/wp-json\/wp\/v2\/users\/1"}],"replies":[{"embeddable":true,"href":"https:\/\/www.quotesdir.com\/de\/wp-json\/wp\/v2\/comments?post=176"}],"version-history":[{"count":2,"href":"https:\/\/www.quotesdir.com\/de\/wp-json\/wp\/v2\/pages\/176\/revisions"}],"predecessor-version":[{"id":668,"href":"https:\/\/www.quotesdir.com\/de\/wp-json\/wp\/v2\/pages\/176\/revisions\/668"}],"wp:featuredmedia":[{"embeddable":true,"href":"https:\/\/www.quotesdir.com\/de\/wp-json\/wp\/v2\/media\/180"}],"wp:attachment":[{"href":"https:\/\/www.quotesdir.com\/de\/wp-json\/wp\/v2\/media?parent=176"}],"curies":[{"name":"wp","href":"https:\/\/api.w.org\/{rel}","templated":true}]}}